{"id":329,"date":"2024-07-09T14:37:28","date_gmt":"2024-07-09T12:37:28","guid":{"rendered":"https:\/\/www.improaccademia.it\/?page_id=329"},"modified":"2024-09-25T08:28:18","modified_gmt":"2024-09-25T06:28:18","slug":"spettacoli","status":"publish","type":"page","link":"https:\/\/www.improaccademia.it\/index.php\/spettacoli\/","title":{"rendered":"SPETTACOLI"},"content":{"rendered":"<p>[et_pb_section fb_built=&#8221;1&#8243; _builder_version=&#8221;4.26.0&#8243; _module_preset=&#8221;default&#8221; background_color=&#8221;#0C71C3&#8243; custom_padding=&#8221;0px||0px||true|&#8221; locked=&#8221;off&#8221; global_colors_info=&#8221;{}&#8221;][et_pb_row _builder_version=&#8221;4.26.0&#8243; _module_preset=&#8221;default&#8221; custom_padding=&#8221;36px||36px||true|&#8221; global_colors_info=&#8221;{}&#8221;][et_pb_column type=&#8221;4_4&#8243; _builder_version=&#8221;4.26.0&#8243; _module_preset=&#8221;default&#8221; global_colors_info=&#8221;{}&#8221;][et_pb_text _builder_version=&#8221;4.26.1&#8243; _module_preset=&#8221;default&#8221; header_text_color=&#8221;#FFFFFF&#8221; header_font_size=&#8221;38px&#8221; header_letter_spacing=&#8221;3px&#8221; header_text_shadow_style=&#8221;preset1&#8243; global_colors_info=&#8221;{}&#8221;]<\/p>\n<h1 style=\"text-align: center;\">SPETTACOLI<\/h1>\n<p>[\/et_pb_text][\/et_pb_column][\/et_pb_row][\/et_pb_section][et_pb_section fb_built=&#8221;1&#8243; _builder_version=&#8221;4.27.0&#8243; _module_preset=&#8221;default&#8221; locked=&#8221;off&#8221; global_colors_info=&#8221;{}&#8221;][\/et_pb_section][et_pb_section fb_built=&#8221;1&#8243; _builder_version=&#8221;4.26.0&#8243; _module_preset=&#8221;default&#8221; custom_padding=&#8221;3px||3px||true|&#8221; locked=&#8221;off&#8221; global_colors_info=&#8221;{}&#8221;][et_pb_row _builder_version=&#8221;4.27.0&#8243; _module_preset=&#8221;default&#8221; global_colors_info=&#8221;{}&#8221;][et_pb_column type=&#8221;4_4&#8243; _builder_version=&#8221;4.26.0&#8243; _module_preset=&#8221;default&#8221; global_colors_info=&#8221;{}&#8221;][et_pb_text _builder_version=&#8221;4.27.0&#8243; _module_preset=&#8221;default&#8221; global_colors_info=&#8221;{}&#8221;]<\/p>\n<h2>Spettacoli in programma:<\/h2>\n<p>[\/et_pb_text][mecdivi_MECShortcodes shortcode_id=&#8221;708&#8243; _builder_version=&#8221;4.27.0&#8243; _module_preset=&#8221;default&#8221; global_colors_info=&#8221;{}&#8221;][\/mecdivi_MECShortcodes][\/et_pb_column][\/et_pb_row][\/et_pb_section][et_pb_section fb_built=&#8221;1&#8243; _builder_version=&#8221;4.27.0&#8243; _module_preset=&#8221;default&#8221; background_color=&#8221;#ededed&#8221; custom_padding=&#8221;3px||3px||true|&#8221; locked=&#8221;off&#8221; global_colors_info=&#8221;{}&#8221;][et_pb_row _builder_version=&#8221;4.27.0&#8243; _module_preset=&#8221;default&#8221; global_colors_info=&#8221;{}&#8221;][et_pb_column type=&#8221;4_4&#8243; _builder_version=&#8221;4.26.0&#8243; _module_preset=&#8221;default&#8221; global_colors_info=&#8221;{}&#8221;][et_pb_text _builder_version=&#8221;4.27.0&#8243; _module_preset=&#8221;default&#8221; global_colors_info=&#8221;{}&#8221;]<\/p>\n<h2>Spettacoli passati:<\/h2>\n<p>[\/et_pb_text][mecdivi_MECShortcodes shortcode_id=&#8221;707&#8243; _builder_version=&#8221;4.27.0&#8243; _module_preset=&#8221;default&#8221; global_colors_info=&#8221;{}&#8221;][\/mecdivi_MECShortcodes][\/et_pb_column][\/et_pb_row][\/et_pb_section]<\/p>\n","protected":false},"excerpt":{"rendered":"<p>SPETTACOLISpettacoli in programma:<div class=\"et_pb_module mecdivi_MECShortcodes mecdivi_MECShortcodes_0\">\n\t\t\t\t\n\t\t\t\t\n\t\t\t\t\n\t\t\t\t\n\t\t\t\t\n\t\t\t\t\n\t\t\t\t<div class=\"et_pb_module_inner\">\n\t\t\t\t\t<div class=\"mec-wrap mec-skin-list-container  \" id=\"mec_skin_708\">\r\n\r\n    \r\n            <div class=\"mec-skin-list-events-container\" id=\"mec_skin_events_708\">\r\n        <div class=\"mec-wrap colorskin-custom\">\r\n\t<div class=\"mec-event-list-standard\">\r\n\t\t\r\n                        <div class=\"mec-month-divider\" data-toggle-divider=\"mec-toggle-202605-708\"><h5 style=\"display: inline;\">Maggio 2026<\/h5><i class=\"mec-sl-arrow-down\"><\/i><\/div>\r\n            \r\n                        <article class=\"mec-event-article  mec-clear mec-label-featured mec-divider-toggle mec-toggle-202605-708\" itemscope>\r\n                                                        <div class=\"mec-topsec\">\r\n                                        <div class=\"col-md-3 mec-event-image-wrap mec-col-table-c\">\r\n                            <div class=\"mec-event-image\"><a data-event-id=\"1988\" href=\"https:\/\/www.improaccademia.it\/index.php\/eventi\/battles-di-improvvisazione-649-412-137-735\/\" target=\"_self\" rel=\"noopener\"><img decoding=\"async\" width=\"300\" height=\"300\" src=\"https:\/\/www.improaccademia.it\/wp-content\/uploads\/2026\/04\/SPOKE-8-MAGGIO-300x300.png\" class=\"attachment-thumblist size-thumblist wp-post-image\" alt=\"\" data-mec-postid=\"1988\" loading=\"lazy\" \/><\/a><\/div>\r\n                        <\/div>\r\n                        \r\n                        <div class=\"col-md-6 mec-col-table-c mec-event-content-wrap\">\r\n                            <div class=\"mec-event-content\">\r\n                                                                                                <h3 class=\"mec-event-title\"><a class=\"mec-color-hover\" data-event-id=\"1988\" href=\"https:\/\/www.improaccademia.it\/index.php\/eventi\/battles-di-improvvisazione-649-412-137-735\/\" target=\"_self\" rel=\"noopener\">SPOKE<\/a><\/h3>\r\n                                <div class=\"mec-event-description\">Uno spettacolo di improvvisazione teatrale dove due storie si incontrano in un solo e unico punto.<\/div>\r\n                            <\/div>\r\n                        <\/div>\r\n                        <div class=\"col-md-3 mec-col-table-c mec-event-meta-wrap\">\r\n                            <div class=\"mec-event-meta mec-color-before\">\r\n                                <div class=\"mec-date-details\">\r\n                                                                            <span class=\"mec-event-d\"><i class=\"mec-sl-calendar\"><\/i><span class=\"mec-start-date-label\">08 Mag<\/span><\/span>\r\n                                                                    <\/div>\r\n                                <span class=\"mec-event-label-captions \" style=\"--background-color: #1e73be;background-color: #1e73be\">EVENTO PER SOCI<\/span>                                <div class=\"mec-time-details\"><svg xmlns=\"http:\/\/www.w3.org\/2000\/svg\" width=\"16\" height=\"16\" viewBox=\"0 0 16 16\"><path id=\"clock\" d=\"M8,16a8,8,0,1,1,8-8A8.009,8.009,0,0,1,8,16ZM8,1.333A6.667,6.667,0,1,0,14.667,8,6.674,6.674,0,0,0,8,1.333Zm2.667,10a.665.665,0,0,1-.471-.2L7.529,8.471a.666.666,0,0,1-.144-.217A.673.673,0,0,1,7.333,8V3.333a.667.667,0,1,1,1.333,0V7.724L11.138,10.2a.667.667,0,0,1-.471,1.138Z\" fill=\"#60daf2\" \/><\/svg><span class=\"mec-start-time\">21:00<\/span> - <span class=\"mec-end-time\">23:00<\/span><\/div>                                                                                                <div class=\"mec-venue-details\">\r\n                                    <svg xmlns=\"http:\/\/www.w3.org\/2000\/svg\" width=\"12.308\" height=\"16\" viewBox=\"0 0 12.308 16\"><path id=\"location\" d=\"M6.6,15.839a.7.7,0,0,1-.89,0C5.476,15.644,0,11,0,6.029A6.1,6.1,0,0,1,6.154,0a6.1,6.1,0,0,1,6.154,6.029C12.308,11,6.832,15.644,6.6,15.839ZM6.154,1.333a4.747,4.747,0,0,0-4.786,4.7c0,3.6,3.52,7.215,4.786,8.4,1.266-1.184,4.787-4.8,4.787-8.4A4.747,4.747,0,0,0,6.154,1.333Zm0,7.383A2.7,2.7,0,0,1,3.419,6.049,2.7,2.7,0,0,1,6.154,3.383,2.7,2.7,0,0,1,8.889,6.049,2.7,2.7,0,0,1,6.154,8.716Zm0-4A1.334,1.334,0,1,0,7.521,6.049,1.353,1.353,0,0,0,6.154,4.716Z\" fill=\"#40d9f1\" fill-rule=\"evenodd\"\/><\/svg>                                    <span>ABIT@<\/span>\r\n                                                                        <address class=\"mec-event-address\"><span>Via IV novembre n. 14, San Zeno Naviglio (BS)<\/span><\/address>\r\n                                                                    <\/div>\r\n                                                                                                                                                                \r\n                                <!--                                -->                            <\/div>\r\n                        <\/div>\r\n                    <\/div>\r\n                    <div class=\"mec-event-footer\">\r\n                                                                                                                        <a class=\"mec-booking-button\" data-event-id=\"1988\" href=\"https:\/\/www.improaccademia.it\/index.php\/eventi\/battles-di-improvvisazione-649-412-137-735\/\" target=\"_self\" rel=\"noopener\">Visualizza dettaglio<\/a>                    <\/div>\r\n                            <\/article>\r\n            \t\t\t<\/div>\r\n<\/div>\r\n\r\n    <\/div>\r\n    <div class=\"mec-skin-list-no-events-container mec-util-hidden\" id=\"mec_skin_no_events_708\">\r\n        Nessun evento trovato!    <\/div>\r\n    \r\n    \r\n<\/div>\r\n\n\t\t\t\t<\/div>\n\t\t\t<\/div>Spettacoli passati:<div class=\"et_pb_module mecdivi_MECShortcodes mecdivi_MECShortcodes_1\">\n\t\t\t\t\n\t\t\t\t\n\t\t\t\t\n\t\t\t\t\n\t\t\t\t\n\t\t\t\t\n\t\t\t\t<div class=\"et_pb_module_inner\">\n\t\t\t\t\t<div class=\"mec-wrap mec-skin-timeline-container  \" id=\"mec_skin_707\">\r\n\r\n    \r\n        <div class=\"mec-skin-timeline-events-container\" id=\"mec_skin_events_707\">\r\n        <div class=\"mec-events-timeline-wrap mec-wrap colorskin-custom\">\r\n\r\n    \r\n    <div class=\"mec-timeline-events-container\">\r\n                        <div class=\"mec-past-event mec-timeline-event clearfix \">\r\n                    <div class=\"mec-timeline-event-date mec-color\">26 Aprile 2026 <\/div>\r\n                    <div class=\"mec-timeline-event-content\">\r\n                        <div class=\"clearfix\">\r\n                            <div class=\"mec-timeline-right-content\">\r\n                                                                <div class=\"mec-timeline-event-image\"><img decoding=\"async\" width=\"300\" height=\"300\" src=\"https:\/\/www.improaccademia.it\/wp-content\/uploads\/2026\/04\/carogna-mari-300x300.png\" class=\"attachment-thumblist size-thumblist wp-post-image\" alt=\"\" data-mec-postid=\"1962\" loading=\"lazy\" \/><\/div>\r\n                            <\/div>\r\n                            <div class=\"mec-timeline-left-content\">\r\n                                <div class=\"mec-timeline-main-content\">\r\n                                                                        <h4 class=\"mec-event-title\">LA CAROGNA con Mari Rinaldi<\/h4>\r\n                                                                        <p>Spettacolo comico di improvvisazione teatrale. All\u2019 improvvisatore che nell\u2019ultimo spettacolo \u00e8 stato votato come \u201cil peggiore\u201d \u00c8 SALITA LA CAROGNA! Il suo obiettivo sar\u00e0 quello di far fare brutta figura agli attori sul palco con lui, li sfider\u00e0 ad improvvisare nelle maniere pi\u00f9 strane e difficili; voi pubblico sarete complici della Carogna, fornendo titoli e [&hellip;] ...<\/p>\r\n                                                                                                            <div class=\"mec-timeline-event-details\">\r\n                                        <div class=\"mec-timeline-event-time mec-color\">\r\n                                            <i class=\"mec-sl-clock\"><\/i><div class=\"mec-time-details\"><span class=\"mec-start-time\">20:00<\/span> - <span class=\"mec-end-time\">22:00<\/span><\/div>                                        <\/div>\r\n                                    <\/div>\r\n                                                                            <div class=\"mec-timeline-event-details\">\r\n                                            <div class=\"mec-timeline-event-location mec-color\">\r\n                                                <address class=\"mec-timeline-event-address\"><i class=\"mec-sl-location-pin\"><\/i><span>Corso L. Bazoli, 89, Via Ugo Aldrighi, 25134 Brescia BS<\/span><\/address>\r\n                                            <\/div>\r\n                                        <\/div>\r\n                                                                                                                                            <\/div>\r\n                            <\/div>\r\n                        <\/div>\r\n                                            <\/div>\r\n                <\/div>\r\n            <\/div>\r\n\r\n\r\n    \r\n    <div class=\"mec-timeline-events-container\">\r\n                        <div class=\"mec-past-event mec-timeline-event clearfix \">\r\n                    <div class=\"mec-timeline-event-date mec-color\">19 Aprile 2026 <\/div>\r\n                    <div class=\"mec-timeline-event-content\">\r\n                        <div class=\"clearfix\">\r\n                            <div class=\"mec-timeline-right-content\">\r\n                                                                <div class=\"mec-timeline-event-image\"><img decoding=\"async\" width=\"300\" height=\"300\" src=\"https:\/\/www.improaccademia.it\/wp-content\/uploads\/2026\/01\/copertina-sito-900-x-610-px-300x300.png\" class=\"attachment-thumblist size-thumblist wp-post-image\" alt=\"\" data-mec-postid=\"1961\" loading=\"lazy\" \/><\/div>\r\n                            <\/div>\r\n                            <div class=\"mec-timeline-left-content\">\r\n                                <div class=\"mec-timeline-main-content\">\r\n                                                                        <h4 class=\"mec-event-title\">PROSPETTIVE @CARMEN TOWN<\/h4>\r\n                                                                        <p>Prospettive \u00e8 uno spettacolo completamente improvvisato a cura delle Ragazze Improva. ...<\/p>\r\n                                                                                                            <div class=\"mec-timeline-event-details\">\r\n                                        <div class=\"mec-timeline-event-time mec-color\">\r\n                                            <i class=\"mec-sl-clock\"><\/i><div class=\"mec-time-details\"><span class=\"mec-start-time\">20:00<\/span><\/div>                                        <\/div>\r\n                                    <\/div>\r\n                                                                            <div class=\"mec-timeline-event-details\">\r\n                                            <div class=\"mec-timeline-event-location mec-color\">\r\n                                                <address class=\"mec-timeline-event-address\"><i class=\"mec-sl-location-pin\"><\/i><span>via Fratelli Bandiera 3, Brescia<\/span><\/address>\r\n                                            <\/div>\r\n                                        <\/div>\r\n                                                                                                                                            <\/div>\r\n                            <\/div>\r\n                        <\/div>\r\n                                            <\/div>\r\n                <\/div>\r\n            <\/div>\r\n\r\n\r\n    \r\n    <div class=\"mec-timeline-events-container\">\r\n                        <div class=\"mec-past-event mec-timeline-event clearfix mec-label-featured\">\r\n                    <div class=\"mec-timeline-event-date mec-color\">17 Aprile 2026 <\/div>\r\n                    <div class=\"mec-timeline-event-content\">\r\n                        <div class=\"clearfix\">\r\n                            <div class=\"mec-timeline-right-content\">\r\n                                                                <div class=\"mec-timeline-event-image\"><img decoding=\"async\" width=\"300\" height=\"300\" src=\"https:\/\/www.improaccademia.it\/wp-content\/uploads\/2025\/05\/3-300x300.png\" class=\"attachment-thumblist size-thumblist wp-post-image\" alt=\"\" data-mec-postid=\"1944\" loading=\"lazy\" \/><\/div>\r\n                            <\/div>\r\n                            <div class=\"mec-timeline-left-content\">\r\n                                <div class=\"mec-timeline-main-content\">\r\n                                                                        <h4 class=\"mec-event-title\">BATTLES DI IMPROVVISAZIONE<span class=\"mec-event-label-captions mec-fc-style\" style=\"--background-color: #1e73be;background-color: #1e73be\">EVENTO PER SOCI<\/span><\/h4>\r\n                                                                        <p>Uno spettacolo di improvvisazione teatrale in cui 4 crew si sfideranno fino all'ultimo game per il titolo! ...<\/p>\r\n                                                                                                            <div class=\"mec-timeline-event-details\">\r\n                                        <div class=\"mec-timeline-event-time mec-color\">\r\n                                            <i class=\"mec-sl-clock\"><\/i><div class=\"mec-time-details\"><span class=\"mec-start-time\">21:00<\/span> - <span class=\"mec-end-time\">22:30<\/span><\/div>                                        <\/div>\r\n                                    <\/div>\r\n                                                                            <div class=\"mec-timeline-event-details\">\r\n                                            <div class=\"mec-timeline-event-location mec-color\">\r\n                                                <address class=\"mec-timeline-event-address\"><i class=\"mec-sl-location-pin\"><\/i><span>Via IV novembre n. 14, San Zeno Naviglio (BS)<\/span><\/address>\r\n                                            <\/div>\r\n                                        <\/div>\r\n                                                                                                                                            <\/div>\r\n                            <\/div>\r\n                        <\/div>\r\n                                            <\/div>\r\n                <\/div>\r\n            <\/div>\r\n\r\n\r\n    \r\n    <div class=\"mec-timeline-events-container\">\r\n                        <div class=\"mec-past-event mec-timeline-event clearfix \">\r\n                    <div class=\"mec-timeline-event-date mec-color\">12 Aprile 2026 <\/div>\r\n                    <div class=\"mec-timeline-event-content\">\r\n                        <div class=\"clearfix\">\r\n                            <div class=\"mec-timeline-right-content\">\r\n                                                                <div class=\"mec-timeline-event-image\"><img decoding=\"async\" width=\"300\" height=\"300\" src=\"https:\/\/www.improaccademia.it\/wp-content\/uploads\/2025\/10\/rivoluzione-teatrale-sito-300x300.jpg\" class=\"attachment-thumblist size-thumblist wp-post-image\" alt=\"\" data-mec-postid=\"1958\" loading=\"lazy\" \/><\/div>\r\n                            <\/div>\r\n                            <div class=\"mec-timeline-left-content\">\r\n                                <div class=\"mec-timeline-main-content\">\r\n                                                                        <h4 class=\"mec-event-title\">RIVOLUZIONE TEATRALE<\/h4>\r\n                                                                        <p>Tutto \u00e8 pronto per lo spettacolo, ma a volte la vita non segue i piani.\nIl regista non arriva, il copione sparisce, sul palco restano gli attori, costretti a reinventarsi in una commedia improvvisata dove vita e spettacolo si fondono. Perch\u00e9 nell\u2019improvvisazione teatrale non sai mai dove finisce il gioco\u2026e dove inizia la Rivoluzione\u00a0Teatrale. ...<\/p>\r\n                                                                                                            <div class=\"mec-timeline-event-details\">\r\n                                        <div class=\"mec-timeline-event-time mec-color\">\r\n                                            <i class=\"mec-sl-clock\"><\/i><div class=\"mec-time-details\"><span class=\"mec-start-time\">21:00<\/span> - <span class=\"mec-end-time\">22:30<\/span><\/div>                                        <\/div>\r\n                                    <\/div>\r\n                                                                            <div class=\"mec-timeline-event-details\">\r\n                                            <div class=\"mec-timeline-event-location mec-color\">\r\n                                                <address class=\"mec-timeline-event-address\"><i class=\"mec-sl-location-pin\"><\/i><span>Vicolo dell&#039;Ortaglia, 6, Brescia<\/span><\/address>\r\n                                            <\/div>\r\n                                        <\/div>\r\n                                                                                                                                            <\/div>\r\n                            <\/div>\r\n                        <\/div>\r\n                                            <\/div>\r\n                <\/div>\r\n            <\/div>\r\n\r\n\r\n    \r\n    <div class=\"mec-timeline-events-container\">\r\n                        <div class=\"mec-past-event mec-timeline-event clearfix \">\r\n                    <div class=\"mec-timeline-event-date mec-color\">15 Marzo 2026 <\/div>\r\n                    <div class=\"mec-timeline-event-content\">\r\n                        <div class=\"clearfix\">\r\n                            <div class=\"mec-timeline-right-content\">\r\n                                                                <div class=\"mec-timeline-event-image\"><img decoding=\"async\" width=\"300\" height=\"300\" src=\"https:\/\/www.improaccademia.it\/wp-content\/uploads\/2025\/05\/2-300x300.png\" class=\"attachment-thumblist size-thumblist wp-post-image\" alt=\"\" data-mec-postid=\"1955\" loading=\"lazy\" \/><\/div>\r\n                            <\/div>\r\n                            <div class=\"mec-timeline-left-content\">\r\n                                <div class=\"mec-timeline-main-content\">\r\n                                                                        <h4 class=\"mec-event-title\">LA CAROGNA con Roberto Boer<\/h4>\r\n                                                                        <p>Spettacolo comico di improvvisazione teatrale. All\u2019 improvvisatore che nell\u2019ultimo spettacolo \u00e8 stato votato come \u201cil peggiore\u201d \u00c8 SALITA LA CAROGNA! Il suo obiettivo sar\u00e0 quello di far fare brutta figura agli attori sul palco con lui, li sfider\u00e0 ad improvvisare nelle maniere pi\u00f9 strane e difficili; voi pubblico sarete complici della Carogna, fornendo titoli e [&hellip;] ...<\/p>\r\n                                                                                                            <div class=\"mec-timeline-event-details\">\r\n                                        <div class=\"mec-timeline-event-time mec-color\">\r\n                                            <i class=\"mec-sl-clock\"><\/i><div class=\"mec-time-details\"><span class=\"mec-start-time\">21:00<\/span> - <span class=\"mec-end-time\">22:00<\/span><\/div>                                        <\/div>\r\n                                    <\/div>\r\n                                                                            <div class=\"mec-timeline-event-details\">\r\n                                            <div class=\"mec-timeline-event-location mec-color\">\r\n                                                <address class=\"mec-timeline-event-address\"><i class=\"mec-sl-location-pin\"><\/i><span>Vicolo dell&#039;Ortaglia, 6, Brescia<\/span><\/address>\r\n                                            <\/div>\r\n                                        <\/div>\r\n                                                                                                                                            <\/div>\r\n                            <\/div>\r\n                        <\/div>\r\n                                            <\/div>\r\n                <\/div>\r\n            <\/div>\r\n\r\n<\/div>    <\/div>\r\n    <div class=\"mec-skin-timeline-no-events-container mec-util-hidden\" id=\"mec_skin_no_events_707\">\r\n        Nessun evento trovato!    <\/div>\r\n    \r\n    <div class=\"mec-load-more-wrap\">\r\n                <div tabindex=\"0\" onkeydown=\"if(event.keyCode===13){jQuery(this).trigger('click');}\" class=\"mec-load-more-button \">Carica altro<\/div>\r\n            <\/div>\r\n<\/div>\r\n\n\t\t\t\t<\/div>\n\t\t\t<\/div><\/p>\n","protected":false},"author":1,"featured_media":0,"parent":0,"menu_order":0,"comment_status":"closed","ping_status":"closed","template":"","meta":{"_bbp_topic_count":0,"_bbp_reply_count":0,"_bbp_total_topic_count":0,"_bbp_total_reply_count":0,"_bbp_voice_count":0,"_bbp_anonymous_reply_count":0,"_bbp_topic_count_hidden":0,"_bbp_reply_count_hidden":0,"_bbp_forum_subforum_count":0,"_et_pb_use_builder":"on","_et_pb_old_content":"","_et_gb_content_width":"","footnotes":""},"class_list":["post-329","page","type-page","status-publish","hentry"],"_links":{"self":[{"href":"https:\/\/www.improaccademia.it\/index.php\/wp-json\/wp\/v2\/pages\/329","targetHints":{"allow":["GET"]}}],"collection":[{"href":"https:\/\/www.improaccademia.it\/index.php\/wp-json\/wp\/v2\/pages"}],"about":[{"href":"https:\/\/www.improaccademia.it\/index.php\/wp-json\/wp\/v2\/types\/page"}],"author":[{"embeddable":true,"href":"https:\/\/www.improaccademia.it\/index.php\/wp-json\/wp\/v2\/users\/1"}],"replies":[{"embeddable":true,"href":"https:\/\/www.improaccademia.it\/index.php\/wp-json\/wp\/v2\/comments?post=329"}],"version-history":[{"count":10,"href":"https:\/\/www.improaccademia.it\/index.php\/wp-json\/wp\/v2\/pages\/329\/revisions"}],"predecessor-version":[{"id":810,"href":"https:\/\/www.improaccademia.it\/index.php\/wp-json\/wp\/v2\/pages\/329\/revisions\/810"}],"wp:attachment":[{"href":"https:\/\/www.improaccademia.it\/index.php\/wp-json\/wp\/v2\/media?parent=329"}],"curies":[{"name":"wp","href":"https:\/\/api.w.org\/{rel}","templated":true}]}}